{"id":546,"date":"2024-06-01T15:25:54","date_gmt":"2024-06-01T15:25:54","guid":{"rendered":"https:\/\/cegmak.com\/?page_id=546"},"modified":"2024-06-01T15:32:37","modified_gmt":"2024-06-01T15:32:37","slug":"546-2","status":"publish","type":"page","link":"https:\/\/cegmak.com\/?page_id=546","title":{"rendered":"CNC D\u0130K \u0130\u015eLEME"},"content":{"rendered":"\n<p>CNC D\u0130K \u0130\u015eLEME<\/p>\n","protected":false},"excerpt":{"rendered":"<p>CNC D\u0130K \u0130\u015eLEME<\/p>\n","protected":false},"author":1,"featured_media":0,"parent":377,"menu_order":1,"comment_status":"closed","ping_status":"closed","template":"","meta":{"_joinchat":[],"footnotes":""},"class_list":["post-546","page","type-page","status-publish","hentry"],"_links":{"self":[{"href":"https:\/\/cegmak.com\/index.php?rest_route=\/wp\/v2\/pages\/546","targetHints":{"allow":["GET"]}}],"collection":[{"href":"https:\/\/cegmak.com\/index.php?rest_route=\/wp\/v2\/pages"}],"about":[{"href":"https:\/\/cegmak.com\/index.php?rest_route=\/wp\/v2\/types\/page"}],"author":[{"embeddable":true,"href":"https:\/\/cegmak.com\/index.php?rest_route=\/wp\/v2\/users\/1"}],"replies":[{"embeddable":true,"href":"https:\/\/cegmak.com\/index.php?rest_route=%2Fwp%2Fv2%2Fcomments&post=546"}],"version-history":[{"count":2,"href":"https:\/\/cegmak.com\/index.php?rest_route=\/wp\/v2\/pages\/546\/revisions"}],"predecessor-version":[{"id":548,"href":"https:\/\/cegmak.com\/index.php?rest_route=\/wp\/v2\/pages\/546\/revisions\/548"}],"up":[{"embeddable":true,"href":"https:\/\/cegmak.com\/index.php?rest_route=\/wp\/v2\/pages\/377"}],"wp:attachment":[{"href":"https:\/\/cegmak.com\/index.php?rest_route=%2Fwp%2Fv2%2Fmedia&parent=546"}],"curies":[{"name":"wp","href":"https:\/\/api.w.org\/{rel}","templated":true}]}}