{"id":377,"date":"2024-05-09T19:37:32","date_gmt":"2024-05-09T19:37:32","guid":{"rendered":"https:\/\/cegmak.com\/?page_id=377"},"modified":"2024-05-11T11:48:34","modified_gmt":"2024-05-11T11:48:34","slug":"hizmetler","status":"publish","type":"page","link":"https:\/\/cegmak.com\/?page_id=377","title":{"rendered":"Hizmetler"},"content":{"rendered":"\n<p>Fason metal imalat hizmetlerimiz, end\u00fcstri standartlar\u0131n\u0131n \u00f6tesinde bir \u00fcretim kalitesi sunmak i\u00e7in en g\u00fcncel ve ileri teknolojiyi kullan\u0131r. Tasar\u0131m\u0131n hassas bir \u015fekilde uygulanmas\u0131n\u0131 sa\u011flamak i\u00e7in kullan\u0131lan y\u00fcksek performansl\u0131 ekipmanlar aras\u0131nda CNC torna tezgahlar\u0131 ve CNC freze makineleri yer almaktad\u0131r. Bu makineler, karma\u015f\u0131k geometrilerin ve \u00f6zel tasar\u0131mlar\u0131n \u00fcretilmesinde y\u00fcksek d\u00fczeyde hassasiyet ve tekrarlanabilirlik sa\u011flar.<\/p>\n\n\n\n<p>Ayr\u0131ca CEG Makina olarak imalat ve dan\u0131\u015fmanl\u0131k hizmetleri de sa\u011fl\u0131yoruz. \u0130htiya\u00e7lara ba\u011fl\u0131 olarak s\u0131kl\u0131kla m\u00fc\u015fterilerimizin ihtiya\u00e7lar\u0131na \u00f6zel par\u00e7alar ve tasar\u0131mlar sunuyoruz. \u00d6zel bir \u015fey \u00fcretmek istedi\u011finiz bir tasar\u0131m\u0131n\u0131z veya fikriniz varsa, nas\u0131l yard\u0131mc\u0131 olabilece\u011fimizi g\u00f6rmek i\u00e7in l\u00fctfen bizimle ileti\u015fime ge\u00e7in.<\/p>\n","protected":false},"excerpt":{"rendered":"<p>Fason metal imalat hizmetlerimiz, end\u00fcstri standartlar\u0131n\u0131n \u00f6tesinde bir \u00fcretim kalitesi sunmak i\u00e7in en g\u00fcncel ve ileri teknolojiyi kullan\u0131r. Tasar\u0131m\u0131n hassas bir \u015fekilde [&hellip;]<\/p>\n","protected":false},"author":1,"featured_media":0,"parent":0,"menu_order":0,"comment_status":"closed","ping_status":"closed","template":"","meta":{"_joinchat":[],"footnotes":""},"class_list":["post-377","page","type-page","status-publish","hentry"],"_links":{"self":[{"href":"https:\/\/cegmak.com\/index.php?rest_route=\/wp\/v2\/pages\/377","targetHints":{"allow":["GET"]}}],"collection":[{"href":"https:\/\/cegmak.com\/index.php?rest_route=\/wp\/v2\/pages"}],"about":[{"href":"https:\/\/cegmak.com\/index.php?rest_route=\/wp\/v2\/types\/page"}],"author":[{"embeddable":true,"href":"https:\/\/cegmak.com\/index.php?rest_route=\/wp\/v2\/users\/1"}],"replies":[{"embeddable":true,"href":"https:\/\/cegmak.com\/index.php?rest_route=%2Fwp%2Fv2%2Fcomments&post=377"}],"version-history":[{"count":2,"href":"https:\/\/cegmak.com\/index.php?rest_route=\/wp\/v2\/pages\/377\/revisions"}],"predecessor-version":[{"id":390,"href":"https:\/\/cegmak.com\/index.php?rest_route=\/wp\/v2\/pages\/377\/revisions\/390"}],"wp:attachment":[{"href":"https:\/\/cegmak.com\/index.php?rest_route=%2Fwp%2Fv2%2Fmedia&parent=377"}],"curies":[{"name":"wp","href":"https:\/\/api.w.org\/{rel}","templated":true}]}}