{"id":350,"date":"2024-05-09T19:15:34","date_gmt":"2024-05-09T19:15:34","guid":{"rendered":"https:\/\/cegmak.com\/?page_id=350"},"modified":"2024-06-01T15:18:29","modified_gmt":"2024-06-01T15:18:29","slug":"iletisim","status":"publish","type":"page","link":"https:\/\/cegmak.com\/?page_id=350","title":{"rendered":"\u0130leti\u015fim"},"content":{"rendered":"\n<div class=\"wp-block-boldblocks-icon-separator aligncenter\" style=\"--bb--margin-top--sm:var(--bb--margin-top--lg);--bb--margin-bottom--sm:var(--bb--margin-bottom--lg);--bb--margin-top--md:var(--bb--margin-top--lg);--bb--margin-bottom--md:var(--bb--margin-bottom--lg);--bb--margin-top--lg:0;--bb--margin-bottom--lg:0\" role=\"separator\"><div class=\"wp-block-boldblocks-icon-separator__inner icon-center is-align-left\" style=\"--bb-border:1px solid;--bb--icon-width:3em;--bb--icon-spacing:.5em;--bb--icon-fill-color:var(--wp--preset--color--vivid-cyan-blue, #0693e3)\"><svg xmlns=\"http:\/\/www.w3.org\/2000\/svg\" viewBox=\"0 0 512 512\">\n  <path d=\"M261.56 101.28a8 8 0 0 0-11.06 0L66.4 277.15a8 8 0 0 0-2.47 5.79L63.9 448a32 32 0 0 0 32 32H192a16 16 0 0 0 16-16V328a8 8 0 0 1 8-8h80a8 8 0 0 1 8 8v136a16 16 0 0 0 16 16h96.06a32 32 0 0 0 32-32V282.94a8 8 0 0 0-2.47-5.79Z\"><\/path>\n  <path d=\"m490.91 244.15-74.8-71.56V64a16 16 0 0 0-16-16h-48a16 16 0 0 0-16 16v32l-57.92-55.38C272.77 35.14 264.71 32 256 32c-8.68 0-16.72 3.14-22.14 8.63l-212.7 203.5c-6.22 6-7 15.87-1.34 22.37A16 16 0 0 0 43 267.56L250.5 69.28a8 8 0 0 1 11.06 0l207.52 198.28a16 16 0 0 0 22.59-.44c6.14-6.36 5.63-16.86-.76-22.97\"><\/path>\n<\/svg><\/div><\/div>\n\n\n\n<p class=\"has-text-align-center\"><strong>\u0130kitelli OSB Metal \u0130\u015f San. Otur. 5A Blok No: 49 Ba\u015fak\u015fehir \/ \u0130stanbul<\/strong><\/p>\n\n\n\n<div class=\"wp-block-boldblocks-icon-separator aligncenter\" role=\"separator\"><div class=\"wp-block-boldblocks-icon-separator__inner icon-center is-align-left\" style=\"--bb-border:1px solid;--bb--icon-width:3em;--bb--icon-spacing:1em;--bb--icon-fill-color:var(--wp--preset--color--vivid-cyan-blue, #0693e3)\"><svg xmlns=\"http:\/\/www.w3.org\/2000\/svg\" viewBox=\"0 0 20 20\">\n  <path d=\"M3.87 4h13.25C18.37 4 19 4.59 19 5.79v8.42c0 1.19-.63 1.79-1.88 1.79H3.87c-1.25 0-1.88-.6-1.88-1.79V5.79c0-1.2.63-1.79 1.88-1.79m6.62 8.6 6.74-5.53c.24-.2.43-.66.13-1.07-.29-.41-.82-.42-1.17-.17l-5.7 3.86L4.8 5.83c-.35-.25-.88-.24-1.17.17-.3.41-.11.87.13 1.07z\"><\/path>\n<\/svg><\/div><\/div>\n\n\n\n<p class=\"has-text-align-center\"><strong>info@cegmak.com<\/strong><\/p>\n\n\n\n<div class=\"wp-block-boldblocks-icon-separator aligncenter\" role=\"separator\"><div class=\"wp-block-boldblocks-icon-separator__inner icon-center is-align-left\" style=\"--bb-border:1px solid;--bb--icon-width:3em;--bb--icon-spacing:1em;--bb--icon-fill-color:var(--wp--preset--color--vivid-cyan-blue, #0693e3)\"><svg xmlns=\"http:\/\/www.w3.org\/2000\/svg\" viewBox=\"0 0 20 20\">\n  <path d=\"M9 0a9 9 0 1 0 0 18A9 9 0 0 0 9 0M1.11 9.68h2.51c.04.91.167 1.814.38 2.7H1.84a7.9 7.9 0 0 1-.73-2.7m8.57-5.4V1.19a4.13 4.13 0 0 1 2.22 2q.308.521.54 1.08zm3.22 1.35c.232.883.37 1.788.41 2.7H9.68v-2.7zM8.32 1.19v3.09H5.56A8.5 8.5 0 0 1 6.1 3.2a4.13 4.13 0 0 1 2.22-2.01m0 4.44v2.7H4.7c.04-.912.178-1.817.41-2.7zm-4.7 2.69H1.11a7.9 7.9 0 0 1 .73-2.7H4a14 14 0 0 0-.38 2.7M4.7 9.68h3.62v2.7H5.11a13 13 0 0 1-.41-2.7m3.63 4v3.09a4.13 4.13 0 0 1-2.22-2 8.5 8.5 0 0 1-.54-1.08zm1.35 3.09v-3.04h2.76a8.5 8.5 0 0 1-.54 1.08 4.13 4.13 0 0 1-2.22 2zm0-4.44v-2.7h3.62a13 13 0 0 1-.41 2.7zm4.71-2.7h2.51a7.9 7.9 0 0 1-.73 2.7H14c.21-.87.337-1.757.38-2.65zm0-1.35A14 14 0 0 0 14 5.63h2.16c.403.85.65 1.764.73 2.7zm1-4H13.6a8.9 8.9 0 0 0-1.39-2.52 8 8 0 0 1 3.14 2.52zm-9.6-2.52A8.9 8.9 0 0 0 4.4 4.28H2.65a8 8 0 0 1 3.14-2.52m-3.15 12H4.4a8.9 8.9 0 0 0 1.39 2.52 8 8 0 0 1-3.14-2.55zm9.56 2.52a8.9 8.9 0 0 0 1.39-2.52h1.76a8 8 0 0 1-3.14 2.48z\"><\/path>\n<\/svg><\/div><\/div>\n\n\n\n<p class=\"has-text-align-center\"><strong>www.cegmak.com<\/strong><\/p>\n\n\n\n<div class=\"wp-block-boldblocks-icon-separator aligncenter\" role=\"separator\"><div class=\"wp-block-boldblocks-icon-separator__inner icon-center is-align-left\" style=\"--bb-border:1px solid;--bb--icon-width:3em;--bb--icon-spacing:1em;--bb--icon-fill-color:var(--wp--preset--color--vivid-cyan-blue, #0693e3)\"><svg xmlns=\"http:\/\/www.w3.org\/2000\/svg\" viewBox=\"0 0 512 512\">\n  <path d=\"M391 480c-19.52 0-46.94-7.06-88-30-49.93-28-88.55-53.85-138.21-103.38C116.91 298.77 93.61 267.79 61 208.45c-36.84-67-30.56-102.12-23.54-117.13C45.82 73.38 58.16 62.65 74.11 52a176.3 176.3 0 0 1 28.64-15.2c1-.43 1.93-.84 2.76-1.21 4.95-2.23 12.45-5.6 21.95-2 6.34 2.38 12 7.25 20.86 16 18.17 17.92 43 57.83 52.16 77.43 6.15 13.21 10.22 21.93 10.23 31.71 0 11.45-5.76 20.28-12.75 29.81-1.31 1.79-2.61 3.5-3.87 5.16-7.61 10-9.28 12.89-8.18 18.05 2.23 10.37 18.86 41.24 46.19 68.51s57.31 42.85 67.72 45.07c5.38 1.15 8.33-.59 18.65-8.47 1.48-1.13 3-2.3 4.59-3.47 10.66-7.93 19.08-13.54 30.26-13.54h.06c9.73 0 18.06 4.22 31.86 11.18 18 9.08 59.11 33.59 77.14 51.78 8.77 8.84 13.66 14.48 16.05 20.81 3.6 9.53.21 17-2 22-.37.83-.78 1.74-1.21 2.75a176.5 176.5 0 0 1-15.29 28.58c-10.63 15.9-21.4 28.21-39.38 36.58A67.4 67.4 0 0 1 391 480\"><\/path>\n<\/svg><\/div><\/div>\n\n\n\n<p class=\"has-text-align-center\"><strong>+90 539 839 56 54<\/strong><\/p>\n\n\n\n<div class=\"wp-block-boldblocks-icon-separator\" role=\"separator\"><div class=\"wp-block-boldblocks-icon-separator__inner icon-center is-align-center\" style=\"--bb-border:1px solid;--bb--icon-width:1em;--bb--icon-spacing:.5em\"><\/div><\/div>\n","protected":false},"excerpt":{"rendered":"<p>\u0130kitelli OSB Metal \u0130\u015f San. Otur. 5A Blok No: 49 Ba\u015fak\u015fehir \/ \u0130stanbul info@cegmak.com www.cegmak.com +90 539 839 56 54<\/p>\n","protected":false},"author":1,"featured_media":0,"parent":0,"menu_order":0,"comment_status":"closed","ping_status":"closed","template":"","meta":{"_joinchat":[],"footnotes":""},"class_list":["post-350","page","type-page","status-publish","hentry"],"_links":{"self":[{"href":"https:\/\/cegmak.com\/index.php?rest_route=\/wp\/v2\/pages\/350","targetHints":{"allow":["GET"]}}],"collection":[{"href":"https:\/\/cegmak.com\/index.php?rest_route=\/wp\/v2\/pages"}],"about":[{"href":"https:\/\/cegmak.com\/index.php?rest_route=\/wp\/v2\/types\/page"}],"author":[{"embeddable":true,"href":"https:\/\/cegmak.com\/index.php?rest_route=\/wp\/v2\/users\/1"}],"replies":[{"embeddable":true,"href":"https:\/\/cegmak.com\/index.php?rest_route=%2Fwp%2Fv2%2Fcomments&post=350"}],"version-history":[{"count":4,"href":"https:\/\/cegmak.com\/index.php?rest_route=\/wp\/v2\/pages\/350\/revisions"}],"predecessor-version":[{"id":540,"href":"https:\/\/cegmak.com\/index.php?rest_route=\/wp\/v2\/pages\/350\/revisions\/540"}],"wp:attachment":[{"href":"https:\/\/cegmak.com\/index.php?rest_route=%2Fwp%2Fv2%2Fmedia&parent=350"}],"curies":[{"name":"wp","href":"https:\/\/api.w.org\/{rel}","templated":true}]}}