{"id":345,"date":"2024-05-09T19:13:32","date_gmt":"2024-05-09T19:13:32","guid":{"rendered":"https:\/\/cegmak.com\/?page_id=345"},"modified":"2024-06-01T13:48:11","modified_gmt":"2024-06-01T13:48:11","slug":"hakkimizda","status":"publish","type":"page","link":"https:\/\/cegmak.com\/?page_id=345","title":{"rendered":"Hakk\u0131m\u0131zda"},"content":{"rendered":"\n<p>CEG Makina, talepkar end\u00fcstriyel m\u00fc\u015fterilere makine tasar\u0131m\u0131, imalat\u0131 ve fason \u00fcretimini sunmaktad\u0131r.<\/p>\n\n\n\n<p>Nihai m\u00fc\u015fterilerimiz, otomotiv yan sanayi, enerji, demiryolu, malzeme ta\u015f\u0131ma, ve elektromekanik end\u00fcstrileri gibi ancak bunlarla s\u0131n\u0131rl\u0131 olmamak \u00fczere pazar segmentlerinde temsil edilmektedir.<\/p>\n\n\n\n<p>Y\u00fcksek teknoloji ekipmanlar\u0131m\u0131z, yarat\u0131c\u0131l\u0131\u011f\u0131m\u0131z ve m\u00fc\u015fteri odakl\u0131l\u0131\u011f\u0131m\u0131z ile ba\u011flant\u0131l\u0131 deneyimimiz ve bilgi birikimimiz, bizi sekt\u00f6rde g\u00fcvenilir bir i\u015f orta\u011f\u0131 haline getiriyor.<\/p>\n\n\n\n<p>Her projeyi benzersiz ihtiya\u00e7lar\u0131n\u0131za ve spesifikasyonlar\u0131n\u0131za g\u00f6re y\u00f6netiyoruz. \u0130\u015fletmenizin ba\u015far\u0131s\u0131na katk\u0131da bulunmak i\u00e7in profesyonel ve g\u00fcvenilir bir ortak olarak buraday\u0131z.<\/p>\n","protected":false},"excerpt":{"rendered":"<p>CEG Makina, talepkar end\u00fcstriyel m\u00fc\u015fterilere makine tasar\u0131m\u0131, imalat\u0131 ve fason \u00fcretimini sunmaktad\u0131r. Nihai m\u00fc\u015fterilerimiz, otomotiv yan sanayi, enerji, demiryolu, malzeme ta\u015f\u0131ma, ve [&hellip;]<\/p>\n","protected":false},"author":1,"featured_media":0,"parent":0,"menu_order":0,"comment_status":"closed","ping_status":"closed","template":"","meta":{"_joinchat":[],"footnotes":""},"class_list":["post-345","page","type-page","status-publish","hentry"],"_links":{"self":[{"href":"https:\/\/cegmak.com\/index.php?rest_route=\/wp\/v2\/pages\/345","targetHints":{"allow":["GET"]}}],"collection":[{"href":"https:\/\/cegmak.com\/index.php?rest_route=\/wp\/v2\/pages"}],"about":[{"href":"https:\/\/cegmak.com\/index.php?rest_route=\/wp\/v2\/types\/page"}],"author":[{"embeddable":true,"href":"https:\/\/cegmak.com\/index.php?rest_route=\/wp\/v2\/users\/1"}],"replies":[{"embeddable":true,"href":"https:\/\/cegmak.com\/index.php?rest_route=%2Fwp%2Fv2%2Fcomments&post=345"}],"version-history":[{"count":2,"href":"https:\/\/cegmak.com\/index.php?rest_route=\/wp\/v2\/pages\/345\/revisions"}],"predecessor-version":[{"id":371,"href":"https:\/\/cegmak.com\/index.php?rest_route=\/wp\/v2\/pages\/345\/revisions\/371"}],"wp:attachment":[{"href":"https:\/\/cegmak.com\/index.php?rest_route=%2Fwp%2Fv2%2Fmedia&parent=345"}],"curies":[{"name":"wp","href":"https:\/\/api.w.org\/{rel}","templated":true}]}}