{"id":10,"date":"2021-05-13T05:31:27","date_gmt":"2021-05-13T05:31:27","guid":{"rendered":"http:\/\/cegmak.com\/?page_id=10"},"modified":"2024-06-04T14:23:36","modified_gmt":"2024-06-04T14:23:36","slug":"home","status":"publish","type":"page","link":"https:\/\/cegmak.com\/","title":{"rendered":""},"content":{"rendered":"\n<div class=\"wp-block-cover alignfull is-light\"><span aria-hidden=\"true\" class=\"wp-block-cover__background has-background-dim-100 has-background-dim\" style=\"background-color:#ffffff\"><\/span><div class=\"wp-block-cover__inner-container is-layout-flow wp-block-cover-is-layout-flow\">\n<div class=\"wp-block-media-text alignfull has-media-on-the-right is-stacked-on-mobile is-vertically-aligned-center is-image-fill\" style=\"grid-template-columns:auto 60%\"><div class=\"wp-block-media-text__content\">\n<h2 class=\"wp-block-heading has-text-color\" style=\"color:#000000;font-size:32px\"><strong><strong><em><mark style=\"background-color:rgba(0, 0, 0, 0)\" class=\"has-inline-color has-black-color\">Y\u00dcKSEK HASSAS\u0130YETL\u0130 <br>CNC TALA\u015eLI \u0130MALAT<\/mark><\/em><\/strong><\/strong><\/h2>\n\n\n\n<p class=\"has-text-color\" style=\"color:#000000;font-size:17px\">\u0130leri teknolojiye sahip CNC tala\u015fl\u0131 imalat hizmetimiz, end\u00fcstri standartlar\u0131n\u0131 a\u015fan hassasiyet ve kalite sunar. Uzman ekibimiz, son teknoloji ekipmanlar\u0131m\u0131z\u0131 kullanarak m\u00fc\u015fterilerimizin benzersiz ihtiya\u00e7lar\u0131n\u0131 kar\u015f\u0131lamak i\u00e7in \u00e7\u00f6z\u00fcmler \u00fcretir.<\/p>\n\n\n\n<p>Her a\u015famada kalite kontrol\u00fc yaparak, m\u00fc\u015fterilerimize en \u00fcst d\u00fczeyde hassasiyet ve dayan\u0131kl\u0131l\u0131k sa\u011flar\u0131z. Malzeme se\u00e7iminden son \u00fcr\u00fcne kadar titizlikle \u00e7al\u0131\u015farak, end\u00fcstriyel standartlarda m\u00fckemmel sonu\u00e7lar elde ederiz.<\/p>\n\n\n\n<p>Deneyimli m\u00fchendislerimiz ve son teknoloji ekipmanlar\u0131m\u0131zla, kompleks projeleri ba\u015far\u0131yla y\u00f6netiriz. S\u00fcrekli olarak geli\u015fen teknolojiye yat\u0131r\u0131m yaparak, m\u00fc\u015fterilerimize en yenilik\u00e7i ve etkili \u00e7\u00f6z\u00fcmleri sunar\u0131z<\/p>\n\n\n\n<div class=\"wp-block-buttons is-layout-flex wp-block-buttons-is-layout-flex\">\n<div class=\"wp-block-button is-style-fill\"><a class=\"wp-block-button__link wp-element-button\">Ayr\u0131nt\u0131l\u0131 bilgi al\u0131n<\/a><\/div>\n<\/div>\n<\/div><figure class=\"wp-block-media-text__media\" style=\"background-image:url(https:\/\/cegmak.com\/wp-content\/uploads\/2024\/06\/pexels-daniel-smyth-83914874-8956313-5-scaled.jpg);background-position:60% 47%\"><img loading=\"lazy\" decoding=\"async\" width=\"2560\" height=\"1723\" src=\"https:\/\/cegmak.com\/wp-content\/uploads\/2024\/06\/pexels-daniel-smyth-83914874-8956313-5-scaled.jpg\" alt=\"\" class=\"wp-image-468 size-full\" srcset=\"https:\/\/cegmak.com\/wp-content\/uploads\/2024\/06\/pexels-daniel-smyth-83914874-8956313-5-scaled.jpg 2560w, https:\/\/cegmak.com\/wp-content\/uploads\/2024\/06\/pexels-daniel-smyth-83914874-8956313-5-300x202.jpg 300w, https:\/\/cegmak.com\/wp-content\/uploads\/2024\/06\/pexels-daniel-smyth-83914874-8956313-5-1024x689.jpg 1024w, https:\/\/cegmak.com\/wp-content\/uploads\/2024\/06\/pexels-daniel-smyth-83914874-8956313-5-768x517.jpg 768w, https:\/\/cegmak.com\/wp-content\/uploads\/2024\/06\/pexels-daniel-smyth-83914874-8956313-5-1536x1034.jpg 1536w, https:\/\/cegmak.com\/wp-content\/uploads\/2024\/06\/pexels-daniel-smyth-83914874-8956313-5-2048x1379.jpg 2048w, https:\/\/cegmak.com\/wp-content\/uploads\/2024\/06\/pexels-daniel-smyth-83914874-8956313-5-1000x673.jpg 1000w, https:\/\/cegmak.com\/wp-content\/uploads\/2024\/06\/pexels-daniel-smyth-83914874-8956313-5-230x155.jpg 230w, https:\/\/cegmak.com\/wp-content\/uploads\/2024\/06\/pexels-daniel-smyth-83914874-8956313-5-350x236.jpg 350w, https:\/\/cegmak.com\/wp-content\/uploads\/2024\/06\/pexels-daniel-smyth-83914874-8956313-5-480x323.jpg 480w\" sizes=\"auto, (max-width: 2560px) 100vw, 2560px\" \/><\/figure><\/div>\n\n\n\n<div style=\"height:100px\" aria-hidden=\"true\" class=\"wp-block-spacer\"><\/div>\n\n\n\n<div class=\"wp-block-media-text alignfull has-media-on-the-right is-stacked-on-mobile is-vertically-aligned-center is-image-fill\" style=\"grid-template-columns:auto 60%\"><div class=\"wp-block-media-text__content\">\n<h2 class=\"wp-block-heading has-text-color\" style=\"color:#000000;font-size:32px\"><strong><strong><em><mark style=\"background-color:rgba(0, 0, 0, 0)\" class=\"has-inline-color has-black-color\">\u00d6ZEL PROJE TASARIMI VE \u0130MALATI<\/mark><\/em><\/strong><\/strong><\/h2>\n\n\n\n<p class=\"has-text-color\" style=\"color:#000000;font-size:17px\">M\u00fc\u015fteri odakl\u0131 \u00e7\u00f6z\u00fcmlerimizle \u00f6ne \u00e7\u0131kan \u00f6zel proje tasar\u0131m\u0131 ve imalat hizmetimiz, hayalini kurdu\u011funuz \u00fcretimlerinizi ger\u00e7ekle\u015ftirir. Deneyimli m\u00fchendislerimiz ve sekt\u00f6rdeki tecr\u00fcbemizle, her ad\u0131mda y\u00fcksek kalitede ve \u00f6zelle\u015ftirilmi\u015f \u00e7\u00f6z\u00fcmler sunuyoruz.<\/p>\n\n\n\n<p>Her a\u015famada kalite kontrol\u00fc yaparak, m\u00fc\u015fterilerimize en \u00fcst d\u00fczeyde hassasiyet ve dayan\u0131kl\u0131l\u0131k sa\u011flar\u0131z. Malzeme se\u00e7iminden son \u00fcr\u00fcne kadar titizlikle \u00e7al\u0131\u015farak, end\u00fcstriyel standartlarda m\u00fckemmel sonu\u00e7lar elde ederiz.<\/p>\n\n\n\n<p>Projenizin zaman\u0131nda ve b\u00fct\u00e7eniz dahilinde tamamlanmas\u0131n\u0131 sa\u011flamak i\u00e7in taahh\u00fctlerimize sad\u0131k kal\u0131r\u0131z. M\u00fc\u015fteri memnuniyetini her zaman \u00f6nceli\u011fimiz olarak g\u00f6r\u00fcr ve proje s\u00fcrecinin her a\u015famas\u0131nda ileti\u015fimde kal\u0131r\u0131z.<\/p>\n\n\n\n<div class=\"wp-block-buttons is-layout-flex wp-block-buttons-is-layout-flex\">\n<div class=\"wp-block-button is-style-fill\"><a class=\"wp-block-button__link wp-element-button\">Ayr\u0131nt\u0131l\u0131 bilgi al\u0131n<\/a><\/div>\n<\/div>\n<\/div><figure class=\"wp-block-media-text__media\" style=\"background-image:url(https:\/\/cegmak.com\/wp-content\/uploads\/2024\/05\/gears-metal-industry-686316-1024x768.jpg);background-position:50% 50%\"><img loading=\"lazy\" decoding=\"async\" width=\"1024\" height=\"768\" src=\"https:\/\/cegmak.com\/wp-content\/uploads\/2024\/05\/gears-metal-industry-686316-1024x768.jpg\" alt=\"gears, metal, industry-686316.jpg\" class=\"wp-image-344 size-full\" srcset=\"https:\/\/cegmak.com\/wp-content\/uploads\/2024\/05\/gears-metal-industry-686316-1024x768.jpg 1024w, https:\/\/cegmak.com\/wp-content\/uploads\/2024\/05\/gears-metal-industry-686316-300x225.jpg 300w, https:\/\/cegmak.com\/wp-content\/uploads\/2024\/05\/gears-metal-industry-686316-768x576.jpg 768w, https:\/\/cegmak.com\/wp-content\/uploads\/2024\/05\/gears-metal-industry-686316-80x60.jpg 80w, https:\/\/cegmak.com\/wp-content\/uploads\/2024\/05\/gears-metal-industry-686316.jpg 1280w\" sizes=\"auto, (max-width: 1024px) 100vw, 1024px\" \/><\/figure><\/div>\n<\/div><\/div>\n","protected":false},"excerpt":{"rendered":"","protected":false},"author":2,"featured_media":0,"parent":0,"menu_order":0,"comment_status":"closed","ping_status":"closed","template":"page-templates\/page_fullwidth.php","meta":{"_joinchat":[],"footnotes":""},"class_list":["post-10","page","type-page","status-publish","hentry"],"_links":{"self":[{"href":"https:\/\/cegmak.com\/index.php?rest_route=\/wp\/v2\/pages\/10","targetHints":{"allow":["GET"]}}],"collection":[{"href":"https:\/\/cegmak.com\/index.php?rest_route=\/wp\/v2\/pages"}],"about":[{"href":"https:\/\/cegmak.com\/index.php?rest_route=\/wp\/v2\/types\/page"}],"author":[{"embeddable":true,"href":"https:\/\/cegmak.com\/index.php?rest_route=\/wp\/v2\/users\/2"}],"replies":[{"embeddable":true,"href":"https:\/\/cegmak.com\/index.php?rest_route=%2Fwp%2Fv2%2Fcomments&post=10"}],"version-history":[{"count":62,"href":"https:\/\/cegmak.com\/index.php?rest_route=\/wp\/v2\/pages\/10\/revisions"}],"predecessor-version":[{"id":576,"href":"https:\/\/cegmak.com\/index.php?rest_route=\/wp\/v2\/pages\/10\/revisions\/576"}],"wp:attachment":[{"href":"https:\/\/cegmak.com\/index.php?rest_route=%2Fwp%2Fv2%2Fmedia&parent=10"}],"curies":[{"name":"wp","href":"https:\/\/api.w.org\/{rel}","templated":true}]}}